{"id":88,"date":"2020-10-29T13:50:19","date_gmt":"2020-10-29T13:50:19","guid":{"rendered":"http:\/\/abistress.uav.ro\/?page_id=88"},"modified":"2024-09-06T12:36:38","modified_gmt":"2024-09-06T10:36:38","slug":"rezumat-2","status":"publish","type":"page","link":"https:\/\/moldrogahe.uav.ro\/index.php\/rezumat-2\/","title":{"rendered":"Rezumat"},"content":{"rendered":"\n<p>Proiectul se concentreaz\u0103 pe determinarea diver\u0219ilor metaboli\u021bi secundari din plante, \u00een special din genurile <em>Galium <\/em>\u0219i <em>Helichrysum<\/em>. Ace\u0219ti compu\u0219i, inclusiv polifenoli, uleiuri<br>esen\u021biale \u0219i terpenoizi, au atras aten\u021bia datorit\u0103 poten\u021bialelor lor utiliz\u0103ri terapeutice. Studiul \u00ee\u0219i propune s\u0103 investigheze modul \u00een care aceste plante \u00ee\u0219i modific\u0103 profilurile de<br>metaboli\u021bi secundari ca r\u0103spuns la diferite condi\u021bii de cre\u0219tere \u0219i habitate, inclusiv factori de stres precum seceta, dioxidul de carbon ridicat \u0219i ozonul.<br>Proiectul prevede urm\u0103toarele obiective specifice:<br>O1: Screeningul diferitelor specii de plante din genurile <em>Galium <\/em>\u0219i <em>Helichrysum <\/em>din diferite loca\u021bii din Moldova \u0219i Rom\u00e2nia \u00een ceea ce prive\u0219te parametrii fotosintetici \u0219i<br>metaboli\u021bii secundari.<br>O2: Determinarea metaboli\u021bilor secundari \u0219i a parametrilor fotosintetici, de la <em>Galium <\/em>\u0219i <em>Helichrysum <\/em>spp. cultivate \u00een condi\u021bii de stres abiotic (secet\u0103, dioxid de carbon ridicat,<br>ozon)<br>O3: Determinarea poten\u021bialului antioxidant \u0219i antiradicalar al uleiurilor esen\u021biale \u0219i al extractelor hidroalcoolice din <em>Galium <\/em>\u0219i <em>Helichrysum <\/em>spp.<br>O4: Implicarea cercet\u0103torilor \u0219i doctoranzilor din Republica Moldova \u00een cercet\u0103ri avansate<br>Metodologia de cercetare presupune analiza parametrilor fotosintetici, a compu\u0219ilor organici volatili (COV), a pigmen\u021bilor, a polifenolilor \u0219i a capacit\u0103\u021bii antioxidante.<br>Originalitatea proiectului const\u0103 \u00een faptul c\u0103 se concentreaz\u0103 pe modific\u0103rile induse de stres \u00een metaboli\u021bii secundari \u0219i pe implica\u021bii<\/p>\n\n\n\n<p><\/p>\n","protected":false},"excerpt":{"rendered":"<p>Proiectul se concentreaz\u0103 pe determinarea diver\u0219ilor metaboli\u021bi secundari din plante, \u00een special din genurile Galium \u0219i Helichrysum. Ace\u0219ti compu\u0219i, inclusiv polifenoli, uleiuriesen\u021biale \u0219i terpenoizi, au atras aten\u021bia datorit\u0103 poten\u021bialelor lor utiliz\u0103ri terapeutice. Studiul \u00ee\u0219i propune s\u0103 investigheze modul \u00een care aceste plante \u00ee\u0219i modific\u0103 profilurile demetaboli\u021bi secundari ca r\u0103spuns la diferite condi\u021bii de cre\u0219tere \u0219i &hellip; <\/p>\n<p class=\"link-more\"><a href=\"https:\/\/moldrogahe.uav.ro\/index.php\/rezumat-2\/\" class=\"more-link\">Continue reading<span class=\"screen-reader-text\"> &#8220;Rezumat&#8221;<\/span><\/a><\/p>\n","protected":false},"author":1,"featured_media":0,"parent":0,"menu_order":0,"comment_status":"closed","ping_status":"closed","template":"","meta":{"footnotes":""},"class_list":["post-88","page","type-page","status-publish","hentry"],"_links":{"self":[{"href":"https:\/\/moldrogahe.uav.ro\/index.php\/wp-json\/wp\/v2\/pages\/88"}],"collection":[{"href":"https:\/\/moldrogahe.uav.ro\/index.php\/wp-json\/wp\/v2\/pages"}],"about":[{"href":"https:\/\/moldrogahe.uav.ro\/index.php\/wp-json\/wp\/v2\/types\/page"}],"author":[{"embeddable":true,"href":"https:\/\/moldrogahe.uav.ro\/index.php\/wp-json\/wp\/v2\/users\/1"}],"replies":[{"embeddable":true,"href":"https:\/\/moldrogahe.uav.ro\/index.php\/wp-json\/wp\/v2\/comments?post=88"}],"version-history":[{"count":2,"href":"https:\/\/moldrogahe.uav.ro\/index.php\/wp-json\/wp\/v2\/pages\/88\/revisions"}],"predecessor-version":[{"id":144,"href":"https:\/\/moldrogahe.uav.ro\/index.php\/wp-json\/wp\/v2\/pages\/88\/revisions\/144"}],"wp:attachment":[{"href":"https:\/\/moldrogahe.uav.ro\/index.php\/wp-json\/wp\/v2\/media?parent=88"}],"curies":[{"name":"wp","href":"https:\/\/api.w.org\/{rel}","templated":true}]}}