{"id":25,"date":"2020-10-29T09:56:00","date_gmt":"2020-10-29T09:56:00","guid":{"rendered":"http:\/\/abistress.uav.ro\/?page_id=25"},"modified":"2025-12-02T16:48:56","modified_gmt":"2025-12-02T14:48:56","slug":"blog","status":"publish","type":"page","link":"https:\/\/moldrogahe.uav.ro\/index.php\/blog\/","title":{"rendered":"Rezultate"},"content":{"rendered":"\n<p><strong>Diseminare rezultate<\/strong><\/p>\n\n\n\n<p><strong>A) Particip\u0103ri\u00a0 la conferin\u021be \u0219tiin\u021bifice interna\u021bionale:<\/strong><\/p>\n\n\n\n<p><strong>2025<\/strong><\/p>\n\n\n\n<ol class=\"wp-block-list\">\n<li>Nartea Mihaela, Ohindovschi Angelica, Ciobanu C., Copolovici L., Copolovici D., Lupitu A., Moisa C., Borte\u0219 F., Cojocaru-Toma M., Activitatea antioxidant\u0103 a speciilor de Helichrysum din flora Republicii Moldova,&nbsp;<em>Congresul Na\u021bional de Farmacie,&nbsp;<\/em><strong>24\u201326 September 2025<\/strong>, T\u00e2rgu Mure\u0219, Romania.<\/li>\n\n\n\n<li>Angelica Ohindovschi, Mihaela Nartea, Rodica Peredelcu, Vlada Costeva, Lucian Copolovici, Dana Maria Copolovici, Andreea Lupitu, Cristian Moisa, Flavia Bortes, Maria Cojocaru-Toma, Toxicitatea acut\u0103 a extractului speciei Galium verum L.,&nbsp;<em>Congresul Na\u021bional de Farmacie,&nbsp;<\/em><strong>24\u201326 September 2025<\/strong>, T\u00e2rgu Mure\u0219, Romania.<\/li>\n\n\n\n<li>Angelica Ohindovschi, Mihaela Nartea, Lucian Copolovici, Dana Maria Copolovici, Andreea Lupitu, Cristian Moisa, Flavia Bortes, Maria Cojocaru-Toma, Total content of polyphenols and flavonoids in lyophilized extracts of Galium verum and Galium aparine,&nbsp;<em>10th Edition of Global Conference on Plant Science and Molecular Biology,&nbsp;<\/em><strong>8\u201310 September 2025<\/strong>, Valencia, Spain.<\/li>\n\n\n\n<li>Maria Cojocaru-Toma, Angelica Ohindovschi, Mihaela Nartea, Andreea Lupitu, Cristian Moisa, Flavia Bortes, Dana Maria Copolovici, Lucian Copolovici, Optimization of polyphenol extraction in aerial parts of Agrimonia eupatoria L. and Cichorium intybus L.,&nbsp;<em>10th Edition of Global Conference on Plant Science and Molecular Biology,&nbsp;<\/em><strong>8\u201310 September 2025<\/strong>, Valencia, Spain.<\/li>\n\n\n\n<li>Lucian Copolovici, Andreea Lupitu, Flavia Bortes, Maria Cojocaru-Toma, Angelica Ohindovschi, Mihaela Nartea, Cristian Moisa, Dana Copolovici, Contrasting water-stress responses in Galium verum and Helichrysum italicum: photosynthesis, phenolics, and VOC signatures,&nbsp;<em>The 24th International Conference \u201cLife Sciences for Sustainable Development\u201d,&nbsp;<\/em><strong>25\u201327 September 2025<\/strong>, Cluj-Napoca, Romania.<\/li>\n\n\n\n<li>Nartea Mihaela, Ohindovschi Angelica, Copolovici Lucian, Copolovici Dana Maria, Lupitu Andreea, Moisa Cristian, Bortes Flavia, Cojocaru-Toma Maria, Ultrasound assisted extraction and quantitative determination of polyphenol compounds in species of the genus Helichrysum,&nbsp;<em>National Conference with International Participation \u201cNatural Sciences in the Dialogue of Generations\u201d, VIIIth Edition,&nbsp;<\/em><strong>18\u201319 September 2025<\/strong>, Chisinau, Republic of Moldova.<\/li>\n\n\n\n<li>Nartea Mihaela, Ohindovschi Angelica, Copolovici Lucian, Copolovici Dana Maria, Lupitu Andreea, Moisa Cristian, Bortes Flavia, Cojocaru-Toma Maria, Quantitative determination of chlorophyll a and b in herbal product of Helichrysum species,&nbsp;<em>National Conference with International Participation \u201cNatural Sciences in the Dialogue of Generations\u201d, VIIIth Edition,&nbsp;<\/em><strong>18\u201319 September 2025<\/strong>, Chisinau, Republic of Moldova.<\/li>\n\n\n\n<li>Lucian Copolovici, Andreea Lupitu, Flavia Borte\u0219, Cristian Moisa, Maria Cojocaru-Toma, Dana Copolovici, The impact of abiotic stress on plants with pharmaceutical potential,&nbsp;<em>Congresul aniversar \u201e80 de ani de inova\u021bie \u00een s\u0103n\u0103tate \u0219i educa\u021bie medical\u0103\u201d,&nbsp;<\/em><strong>20\u201322 October 2025<\/strong>, Chi\u0219in\u0103u, Republic of Moldova.<\/li>\n\n\n\n<li>Andreea Lupitu, Lucian Copolovici, Cristian Moisa, Flavia Borte\u0219, Maria Cojocaru-Toma, Dana Maria Copolovici, Influence of abiotic stress on volatile organic compounds of plants from the genera Galium and Helichrysum,&nbsp;<em>Congresul aniversar \u201e80 de ani de inova\u021bie \u00een s\u0103n\u0103tate \u0219i educa\u021bie medical\u0103\u201d,&nbsp;<\/em><strong>20\u201322 October 2025<\/strong>, Chi\u0219in\u0103u, Republic of Moldova.<\/li>\n\n\n\n<li>Cristian Mois\u0103, Andreea Ioana Lupitu, Flavia Viorela Borte\u0219, Dana Maria Copolovici, Maria Cojocaru-Toma, Lucian Octav Copolovici, Determination of structural changes induced by abiotic stress in Galium and Helichrysum species using SEM microscopy,&nbsp;<em>Congresul aniversar \u201e80 de ani de inova\u021bie \u00een s\u0103n\u0103tate \u0219i educa\u021bie medical\u0103\u201d,&nbsp;<\/em><strong>20\u201322 October 2025<\/strong>, Chi\u0219in\u0103u, Republic of Moldova.<\/li>\n\n\n\n<li>Borte\u0219 Flavia, Copolovici Lucian, Moisa Cristian, Lupitu Andreea, Cojocaru-Toma Maria, Copolovici D.M., Efectele stresului abiotic asupra compu\u0219ilor bioactivi din Galium \u0219i Helichrysum: o perspectiv\u0103 asupra capacit\u0103\u021bii antioxidante,&nbsp;<em>Congresul aniversar \u201e80 de ani de inova\u021bie \u00een s\u0103n\u0103tate \u0219i educa\u021bie medical\u0103\u201d,&nbsp;<\/em><strong>20\u201322 October 2025<\/strong>, Chi\u0219in\u0103u, Republic of Moldova.<\/li>\n\n\n\n<li>Flavia Bortes, Lucian Copolovici, Cristian Moisa, Andreea Lupitu, Dana Copolovici, Cojocaru-Toma Maria, Angelica Ohindovschi, Mihaela Nartea, Impact of abiotic stress on bioactive compounds and antioxidant capacity in Galium and Helichrysum,&nbsp;<em>11th International Conference on Environmental Science and Technology (ICOEST 2025),&nbsp;<\/em><strong>22\u201326 October 2025<\/strong>, Sarajevo, Bosnia and Herzegovina.<\/li>\n\n\n\n<li>Flavia Bortes, Lucian Copolovici, Lupitu Andreea, Cristian Moisa, Maria Cojocaru-Toma, Angelica Ohindovschi, Mihaela Nartea, Dana Maria Copolovici, Biochemical Responses of Galium and Helichrysum to abiotic stresses,&nbsp;<em>2nd International Conference on Applied Science and Engineering,&nbsp;<\/em><strong>3\u20134 November 2025<\/strong>, Prague, Czech Republic.<\/li>\n\n\n\n<li>Cristian Moisa, Andreea Lupitu, Flavia Bortes, Dana Copolovici, Maria Cojocaru-Toma, Angelica Ohindovschi, Lucian Copolovici, Morphological responses of Galium spp. stomata to ozone stress revealed by SEM analysis,&nbsp;<em>2nd International Conference on Applied Science and Engineering,&nbsp;<\/em><strong>3\u20134 November 2025<\/strong>, Prague, Czech Republic.<\/li>\n\n\n\n<li>Andreea Lupitu, Lucian Copolovici, Flavia Bortes, Maria Cojocaru-Toma, Angelica Ohindovschi, Mihaela Nartea, Cristian Moisa, Dana Copolovici, The Influence of Abiotic Stress on the Volatile Organic Compounds Emissions of Gallium and Helichrysum Genera,&nbsp;<em>2nd International Conference on Applied Science and Engineering,&nbsp;<\/em><strong>3\u20134 November 2025<\/strong>, Prague, Czech Republic.<\/li>\n\n\n\n<li>Lucian Copolovici, Andreea Lupitu, Flavia Bortes, Cristian Moisa, Maria Cojocaru-Toma, Angelica Ohindovschi, Mihaela Nartea and Dana Maria Copolovici Effects of Abiotic Stress on Secondary Metabolite Accumulation and Antioxidant Potential in Selected Medicinal Plants from the Asteraceae Family&nbsp;<em>2nd International Conference on Applied Science and Engineering,&nbsp;<\/em><strong>3\u20134 November 2025<\/strong>, Prague, Czech Republic.<\/li>\n\n\n\n<li>Lucian Copolovici, Plant resilience under multiple stress conditions: a key factor for sustainable bioeconomy in the context of climate change,&nbsp;<em>Smart Diaspora 2025<\/em>,&nbsp;<strong>4-7 November 2025<\/strong>, Cluj-Napoca, Romania<\/li>\n\n\n\n<li>Lucian Copolovici, Andreea Lupitu, Flavia Bortes, Maria Cojocaru-Toma, Angelica Ohindovschi, Mihaela Nartea, Cristian Moisa, Dana Copolovici, The impact of abiotic stress on Galium verum and Helichrysum italicum: physiological and biochemical responses,&nbsp;<em>International Conference on Agriculture for Life, Life for Agriculture,&nbsp;<\/em><strong>5\u20137 June 2025<\/strong>, Bucharest, Romania.<br><br><strong>2024<\/strong><br><\/li>\n\n\n\n<li>Flavia Bortes, Lucian Copolovici, Cristian Moisa, Andreea Lupitu, Dana Copolovici -Photosynthetic efficiency and metabolic changes in <em>Brassicaceae<\/em> plants under combined drought and ozone stress, The 23<sup>rd<\/sup> International Conference \u201dLife Sciences for Sustainable Development\u201d, <strong>26<sup>th<\/sup>\u2013 28<sup>th<\/sup> September 2024<\/strong>, Cluj-Napoca, Romania.<\/li>\n\n\n\n<li>Andreea Lupitu, Lucian Copolovici, Flavia Bortes, Maria Cojocaru-Toma, Angelica Ohindovschi, Mihaela Nartea, Cristian Moisa, Dana Copolovici, The effect of different types of stresses on plant&#8217;s volatile organic compound emissions, The 23<sup>rd<\/sup> International Conference \u201dLife Sciences for Sustainable Development\u201d, <strong>26<sup>th<\/sup>\u2013 28<sup>th<\/sup> September 2024<\/strong>, Cluj-Napoca, Romania.<\/li>\n\n\n\n<li>Lucian Copolovici, Andreea Lupitu, Flavia Bortes, Maria Cojocaru-Toma, Angelica Ohindovschi, Mihaela Nartea, Cristian Moisa, Dana Copolovici, The effect of different stressors on plant\u2019s physiologic parameters and secondary metabolites, The 23<sup>rd<\/sup> International Conference \u201dLife Sciences for Sustainable Development\u201d, <strong>26<sup>th<\/sup>\u2013 28<sup>th<\/sup> September 2024<\/strong>, Cluj-Napoca, Romania.<\/li>\n\n\n\n<li>Lucian Copolovici, Andreea Lupitu, Flavia Bortes, Cristian Moisa, Dana Copolovici, The role of different stressors in altering plant physiology and secondary metabolites, The 16<sup>th<\/sup> Edition of the Conference \u201dNew Trends in Chemistry Research\u201d, <strong>18-20 September 2024<\/strong>, Timisoara, Romania.<\/li>\n\n\n\n<li>NARTEA, M., TOPCHIN, V., COPOLOVICI, L., COJOCARU-TOMA, M. Totalul de flavonoide \u00een dependen\u021b\u0103 de metoda de extragere pentru speciile genului <em>Helichrysum<\/em>. \u00cen: <em>Culegere de rezumate a Conferin\u021bei \u0219tiin\u021bifice anuale \u201eCercetarea \u00een biomedicin\u0103 \u0219i s\u0103n\u0103tate: Calitate, Excelen\u021b\u0103 \u0219i Performan\u021b\u0103\u201d<\/em>, MJHS, Lexon-Prim, Chi\u0219in\u0103u, <strong>2024<\/strong>, p. 735,&nbsp; ISSN 2345-1467.<\/li>\n\n\n\n<li>STATNIC, M., NARTEA, M., COJOCARU-TOMA, M. Con\u021binutul pigmen\u021bilor carotenoidici la speciile genului <em>Helichrysum<\/em>. \u00cen: <em>Culegere de rezumate a<\/em> <em>Conferin\u021bei \u015ftiin\u0163ifice anuale \u201eCercetarea \u00een biomedicin\u0103 \u0219i s\u0103n\u0103tate: Calitate, Excelen\u021b\u0103 \u0219i Performan\u021b\u0103\u201d<\/em>, MJHS, Lexon-Prim, Chi\u0219in\u0103u, <strong>2024<\/strong>, p. 734, ISSN 2345-1467.<\/li>\n\n\n\n<li>URSAN, V., OHINDOVSCHI, A., COPOLOVICI, L., COJOCARU-TOMA, M. Studiul chimic al substan\u021belor tanante din produse vegetale ale speciilor genului <em>Galium.<\/em> In:<a> <\/a><em>Culegere de rezumate a Conferin\u021bei \u0219tiin\u021bifice anuale \u201eCercetarea \u00een biomedicin\u0103 \u0219i s\u0103n\u0103tate: Calitate, Excelen\u021b\u0103 \u0219i Performan\u021b\u0103\u201d<\/em>, MJHS, Lexon-Prim, Chi\u0219in\u0103u, <strong>2024<\/strong>, p. 711,&nbsp; ISSN 2345-1467.<\/li>\n\n\n\n<li>Angelica OHINDOVSCHI. Studii fitochimice comparative ale speciilor genului <em>Galium<\/em> (<em>G. verum<\/em> \u0219i <em>G. aparine<\/em>) din flora Republicii Moldova.In: &nbsp;Materialele Congresului al X-lea al farmaci\u0219tilor din Republica Moldova cu participare interna\u021bional\u0103 \u201eFacultatea de farmacie \u2013 \u0219ase decenii de inova\u021bie \u0219i progres\u201d, edi\u021bia a 10-a, Chi\u0219in\u0103u, <strong>2024<\/strong>, p. 331-332.<\/li>\n\n\n\n<li>Angelica OHINDOVSCHI, Andreea LUPITU, Cristian MOIS\u0102, Flavia BORTE\u0218, Dana Maria COPOLOVICI, Lucian COPOLOVICI, Maria COJOCARU-TOMA. Determinarea capacit\u0103\u021bii antioxidante a speciilor genului <em>Galium<\/em>. In: Materialele Congresului al X-lea al farmaci\u0219tilor din Republica Moldova cu participare interna\u021bional\u0103 \u201eFacultatea de farmacie \u2013 \u0219ase decenii de inova\u021bie \u0219i progres\u201d, edi\u021bia a 10-a, Chi\u0219in\u0103u, <strong>2024<\/strong>, p. 313-315.<\/li>\n\n\n\n<li>Mihaela NARTEA. Corologia speciilor <em>Helichrysum<\/em> de pe teritoriul Republicii Moldova \u0219i a Rom\u00e2niei. In: &nbsp;Materialele Congresului al X-lea al farmaci\u0219tilor din Republica Moldova cu participare interna\u021bional\u0103 \u201eFacultatea de farmacie \u2013 \u0219ase decenii de inova\u021bie \u0219i progres\u201d, edi\u021bia a 10-a, Chi\u0219in\u0103u, <strong>2024<\/strong>, p. 368-369.<\/li>\n\n\n\n<li>Mihaela NARTEA, Lucian COPOLOVICI, Angelica OHINDOVSCHI, Andreea LUPITU, Cristian MOIS\u0102, Flavia BORTE\u0218, Dana Maria COPOLOVICI, Maria COJOCARU-TOMA. Determinarea totalului de polifenoli \u00een extracte etanolice \u0219i metanolice pentru speciile genului <em>Helichrysum<\/em>. In: Materialele Congresului al X-lea al farmaci\u0219tilor din Republica Moldova<br>cu participare interna\u021bional\u0103 \u201eFacultatea de farmacie \u2013 \u0219ase decenii de inova\u021bie \u0219i progres\u201d, edi\u021bia a 10-a, Chi\u0219in\u0103u, <strong>2024<\/strong>, p. 322-323.<\/li>\n<\/ol>\n\n\n\n<p><\/p>\n\n\n\n<p><strong>B) Articole ISI \/ WOS publicate:<\/strong><\/p>\n\n\n\n<ol class=\"wp-block-list\">\n<li>Andreea Lupitu, Flavia Bortes, Cristian Moisa, Dana Copolovici, Lucian Copolovici, The Impact of\u00a0<em>Eurydema Ventralis<\/em>\u00a0Infestation on\u00a0<em>Brassica Oleracea var. Botrytis<\/em>\u00a0Grown at Different CO<sub>2<\/sub>\u00a0Concentrations in Romania,\u00a0<em>Journal of Soil Science and Plant Nutrition<\/em>,\u00a0<strong>2025<\/strong>, 1-15,\u00a0<a href=\"https:\/\/doi.org\/10.1007\/s42729-025-02762-9\">https:\/\/doi.org\/10.1007\/s42729-025-02762-9<\/a>\u00a0.<\/li>\n<\/ol>\n\n\n\n<p><strong>C) Articole:<\/strong><\/p>\n\n\n\n<ol class=\"wp-block-list\">\n<li>Lucian COPOLOVICI, Angelica OHINDOVSCHI, Mihaela NARTEA, Andreea LUPITU, Cristian MOISA, Flavia BORTE\u0218, Dana Maria COPOLOVICI, Maria COJOCARU-TOMA. Determination of photosynthetic parameters of plants of the <em>Galium verum<\/em> and <em>Helichrysum italicum<\/em> from the flora of the Republic of Moldova and Romania. In: &nbsp;Materialele Congresului al X-lea<br>al farmaci\u0219tilor din Republica Moldova cu participare interna\u021bional\u0103 \u201eFacultatea de farmacie \u2013 \u0219ase decenii de inova\u021bie \u0219i progres\u201d, edi\u021bia a 10-a, Chi\u0219in\u0103u, <strong>2024<\/strong>, p.289-294.<\/li>\n\n\n\n<li>M. Nartea, A. Ohindovschi, M. Statnic, V. Valica, T. \u0218tefane\u021b, F. Borte\u0219, C. Moisa, D. Copolovici, L. Copolovici, M. Cojocaru-Toma, Carotenoid and chlorophyll pigments in\u00a0<em>Helichrysum<\/em>\u00a0genus species,\u00a0<em>Buletinul Academiei de \u0218tiin\u021be a Moldovei, \u0218tiin\u021be Medicale<\/em>,\u00a0<strong>2025<\/strong>, 2(82), 203\u2013209. ISSN 1857-0011<\/li>\n<\/ol>\n\n\n\n<p><strong>D) Premii:<\/strong><\/p>\n\n\n\n<figure class=\"wp-block-gallery has-nested-images columns-default is-cropped wp-block-gallery-1 is-layout-flex wp-block-gallery-is-layout-flex\">\n<figure class=\"wp-block-image size-large\"><img loading=\"lazy\" decoding=\"async\" width=\"613\" height=\"793\" data-id=\"317\" src=\"https:\/\/moldrogahe.uav.ro\/wp-content\/uploads\/2025\/12\/Cojocaru-Toma-M.-Conferinta_Valencia_Best-Poster-1.jpg\" alt=\"\" class=\"wp-image-317\" srcset=\"https:\/\/moldrogahe.uav.ro\/wp-content\/uploads\/2025\/12\/Cojocaru-Toma-M.-Conferinta_Valencia_Best-Poster-1.jpg 613w, https:\/\/moldrogahe.uav.ro\/wp-content\/uploads\/2025\/12\/Cojocaru-Toma-M.-Conferinta_Valencia_Best-Poster-1-232x300.jpg 232w\" sizes=\"(max-width: 613px) 100vw, 613px\" \/><\/figure>\n<\/figure>\n\n\n\n<figure class=\"wp-block-image size-full\"><img loading=\"lazy\" decoding=\"async\" width=\"841\" height=\"595\" src=\"https:\/\/moldrogahe.uav.ro\/wp-content\/uploads\/2025\/12\/Best-poster-Applied-science-Praga-2025-2.jpg\" alt=\"\" class=\"wp-image-318\" srcset=\"https:\/\/moldrogahe.uav.ro\/wp-content\/uploads\/2025\/12\/Best-poster-Applied-science-Praga-2025-2.jpg 841w, https:\/\/moldrogahe.uav.ro\/wp-content\/uploads\/2025\/12\/Best-poster-Applied-science-Praga-2025-2-300x212.jpg 300w, https:\/\/moldrogahe.uav.ro\/wp-content\/uploads\/2025\/12\/Best-poster-Applied-science-Praga-2025-2-768x543.jpg 768w\" sizes=\"(max-width: 767px) 89vw, (max-width: 1000px) 54vw, (max-width: 1071px) 543px, 580px\" \/><\/figure>\n","protected":false},"excerpt":{"rendered":"<p>Diseminare rezultate A) Particip\u0103ri\u00a0 la conferin\u021be \u0219tiin\u021bifice interna\u021bionale: 2025 B) Articole ISI \/ WOS publicate: C) Articole: D) Premii:<\/p>\n","protected":false},"author":1,"featured_media":0,"parent":0,"menu_order":0,"comment_status":"closed","ping_status":"closed","template":"","meta":{"footnotes":""},"class_list":["post-25","page","type-page","status-publish","hentry"],"_links":{"self":[{"href":"https:\/\/moldrogahe.uav.ro\/index.php\/wp-json\/wp\/v2\/pages\/25"}],"collection":[{"href":"https:\/\/moldrogahe.uav.ro\/index.php\/wp-json\/wp\/v2\/pages"}],"about":[{"href":"https:\/\/moldrogahe.uav.ro\/index.php\/wp-json\/wp\/v2\/types\/page"}],"author":[{"embeddable":true,"href":"https:\/\/moldrogahe.uav.ro\/index.php\/wp-json\/wp\/v2\/users\/1"}],"replies":[{"embeddable":true,"href":"https:\/\/moldrogahe.uav.ro\/index.php\/wp-json\/wp\/v2\/comments?post=25"}],"version-history":[{"count":20,"href":"https:\/\/moldrogahe.uav.ro\/index.php\/wp-json\/wp\/v2\/pages\/25\/revisions"}],"predecessor-version":[{"id":321,"href":"https:\/\/moldrogahe.uav.ro\/index.php\/wp-json\/wp\/v2\/pages\/25\/revisions\/321"}],"wp:attachment":[{"href":"https:\/\/moldrogahe.uav.ro\/index.php\/wp-json\/wp\/v2\/media?parent=25"}],"curies":[{"name":"wp","href":"https:\/\/api.w.org\/{rel}","templated":true}]}}